{"id":790,"date":"2013-04-09T16:25:23","date_gmt":"2013-04-09T15:25:23","guid":{"rendered":"http:\/\/ziezus.nl\/eigenzinnig-theater\/?page_id=790"},"modified":"2019-07-24T10:23:32","modified_gmt":"2019-07-24T09:23:32","slug":"achtergrondinformatie-improvisatietheater-theatersport","status":"publish","type":"page","link":"https:\/\/ziezus.nl\/eigenzinnig-theater\/volwassenen\/workshop-improvisatietheater-en-theatersport\/achtergrondinformatie-improvisatietheater-theatersport\/","title":{"rendered":"Informatie improvisatietheater &#038; theatersport"},"content":{"rendered":"<p><strong>Wat is improvisatietheater?<\/strong><br \/>\n<b>Improvisatietheater<\/b>\u00a0(vaak afgekort tot\u00a0<b>improv<\/b>\u00a0of\u00a0<b>impro<\/b>) is elke vorm van\u00a0<a title=\"Theater (kunstvorm)\" href=\"https:\/\/nl.wikipedia.org\/wiki\/Theater_(kunstvorm)\">theater<\/a>\u00a0waarbij de\u00a0<a title=\"Acteur\" href=\"https:\/\/nl.wikipedia.org\/wiki\/Acteur\">spelers<\/a>\u00a0het\u00a0<a title=\"Verhaal\" href=\"https:\/\/nl.wikipedia.org\/wiki\/Verhaal\">verhaal<\/a>, de\u00a0<a title=\"Personage\" href=\"https:\/\/nl.wikipedia.org\/wiki\/Personage\">personages<\/a>\u00a0en de\u00a0<a title=\"Dialoog\" href=\"https:\/\/nl.wikipedia.org\/wiki\/Dialoog\">dialogen<\/a>\u00a0ter plaatse verzinnen. Ze stappen dus de\u00a0<a title=\"Sc\u00e8ne\" href=\"https:\/\/nl.wikipedia.org\/wiki\/Sc%C3%A8ne\">sc\u00e8ne<\/a>\u00a0op met een beperkt aantal elementen (vaak suggesties uit het publiek) zoals de locatie waar de sc\u00e8ne zich afspeelt, of het soort personage dat ze spelen, en improviseren de rest op het moment zelf. Improvisatievoorstellingen zijn vaak komisch, maar er zijn ook improvisatievormen die niet noodzakelijkerwijs humoristisch van opzet zijn.<\/p>\n<p>Veel improvisatiespelers werken ook met script in niet-improvisatievoorstellingen en technieken uit de improv worden vaak ook in standaard theaterlessen aangeleerd. Awareness, luisteren, focus, vertrouwen en instinctief of spontaan handelen worden belangrijke vaardigheden voor alle typen\u00a0<a title=\"Acteur\" href=\"https:\/\/nl.wikipedia.org\/wiki\/Acteur\">acteurs<\/a>\u00a0geacht.<\/p>\n<p>Sommige toneelgroepen kennen een traditie om aan een nieuwe theatervoorstelling te werken met behulp van improvisaties tijdens repetities. Omdat zij voor publiek echter niet meer improviseren, is dit een vorm van \u2018schrijven\u2019 van het stuk, en valt het niet onder improvisatietheater.<\/p>\n<p><strong>Vroeger<\/strong><br \/>\nImprovisatietheater is zo oud als theater zelf, misschien zelfs nog ouder. Door de geschiedenis heen vinden we ook echt gecultiveerd improvisatietheater, zoals bij de\u00a0<a title=\"Commedia dell'arte\" href=\"https:\/\/nl.wikipedia.org\/wiki\/Commedia_dell%27arte\">Commedia dell&#8217;arte<\/a>, waar een vaste verzameling personages met een traditioneel bepaald karakter vrijelijk improviseerde op de grote lijnen die in een summier scenario waren vastgelegd. Een aantal belangrijke grondleggers van het hedendaagse improvisatietheater zijn\u00a0<a title=\"Keith Johnstone\" href=\"https:\/\/nl.wikipedia.org\/wiki\/Keith_Johnstone\">Keith Johnstone<\/a>\u00a0als het gaat om korte vormen (waaronder\u00a0<a title=\"Theatersport\" href=\"https:\/\/nl.wikipedia.org\/wiki\/Theatersport\">theatersport<\/a>),\u00a0<a title=\"Del Close (de pagina bestaat niet)\" href=\"https:\/\/nl.wikipedia.org\/w\/index.php?title=Del_Close&amp;action=edit&amp;redlink=1\">Del Close<\/a>\u00a0als het gaat om lange vormen en\u00a0<a title=\"Viola Spolin (de pagina bestaat niet)\" href=\"https:\/\/nl.wikipedia.org\/w\/index.php?title=Viola_Spolin&amp;action=edit&amp;redlink=1\">Viola Spolin<\/a>.<\/p>\n<p><strong>Korte vormen van improvisatietheater<\/strong><br \/>\nDe populaire\u00a0<b>kortevormimprov<\/b>\u00a0bestaat uit korte sc\u00e8nes die normaal gesproken gebaseerd zijn op een voorafgesproken spelvorm, structuur of idee en worden door de spelers uitgespeeld op basis van een door het publiek gegeven suggestie. De nadruk ligt vaak op het zo snel mogelijk bouwen van een verhaal. Vele korte vormen zijn ontwikkeld door\u00a0<a title=\"Keith Johnstone\" href=\"https:\/\/nl.wikipedia.org\/wiki\/Keith_Johnstone\">Keith Johnstone<\/a>\u00a0en\u00a0<a title=\"Viola Spolin (de pagina bestaat niet)\" href=\"https:\/\/nl.wikipedia.org\/w\/index.php?title=Viola_Spolin&amp;action=edit&amp;redlink=1\">Viola Spolin<\/a>\u00a0en er bestaan verschillende scholen en formats. Naast de afgelijnde bestaande formats worden er heel veel tussenvormen en eigen spelletjes gespeeld (er kan worden ge\u00efmproviseerd op de vooraf bepaalde vorm) wat van dit type improvisatietheater een erg levend genre maakt.<\/p>\n<p>Markant is dat een aantal van de bestaande formules door sportdisciplines zijn ge\u00efnspireerd:\u00a0<a title=\"Theatersport\" href=\"https:\/\/nl.wikipedia.org\/wiki\/Theatersport\">theatersport<\/a>\u00a0oorspronkelijk door\u00a0<a title=\"Pro Wrestling\" href=\"https:\/\/nl.wikipedia.org\/wiki\/Pro_Wrestling\">Pro Wrestling<\/a><sup id=\"cite_ref-1\"><a href=\"https:\/\/nl.wikipedia.org\/wiki\/Improvisatietheater#cite_note-1\">[1]<\/a><\/sup>, ComedySportz door een amalgaam aan Noord-Amerikaanse teamsporten. De in Franstalige gebieden gespeelde vorm van theatersport,\u00a0<a title=\"Le Match d'Improvisation (de pagina bestaat niet)\" href=\"https:\/\/nl.wikipedia.org\/w\/index.php?title=Le_Match_d%27Improvisation&amp;action=edit&amp;redlink=1\">Le Match d&#8217;Improvisation<\/a>\u00a0is zelfs een soort theatrale vertaling van een\u00a0<a title=\"Ijshockey\" href=\"https:\/\/nl.wikipedia.org\/wiki\/Ijshockey\">ijshockeymatch<\/a>, met een speelvlak in de vorm van een (kleine) ijshockeyring, gekleurde hockeyshirts met nummers voor de teams, en een wit-zwart gestreepte trui voor de scheidsrechter. Het competitieve element dat in deze \u2018sport\u2019vormen naar voren komt, is vooral bedoeld om het publiek te amuseren. Competitiviteit tussen spelers werkt juist averechts voor de kwaliteit van de improvisatie. \u2018Tegenstanders\u2019 zullen in goede improvisatiematches dan ook regelmatig elkaar te hulp schieten om sc\u00e8nes te verrijken of te redden.<\/p>\n<p>Opvallend is dat de meeste vormen die gespeeld worden bij\u00a0<i>kortevormimprov<\/i>\u00a0ooit zijn bedacht als oefening om improvisatievaardigheden aan te leren voor lange vormen, maar bleken genoeg amusementswaarde te hebben om ze ook voor publiek uit te voeren.<\/p>\n<p><strong>Langevorm improvisatietheater<\/strong><br \/>\nBij\u00a0<b>langevormimprov<\/b>\u00a0cre\u00ebren acteurs een voorstelling waarin sc\u00e8nes vaak met elkaar verweven zijn door middel van het verhaal, de personages of thema&#8217;s. Dit type voorstelling neemt vaak de vorm aan van een bestaande type theater, zoals een avondvullende theatervoorstelling of een musical. De meest bekende (en waarschijnlijk ook eerste) lange vorm is de\u00a0<a title=\"Harold\" href=\"https:\/\/nl.wikipedia.org\/wiki\/Harold\">Harold<\/a>, ontwikkeld door\u00a0<a title=\"Del Close (de pagina bestaat niet)\" href=\"https:\/\/nl.wikipedia.org\/w\/index.php?title=Del_Close&amp;action=edit&amp;redlink=1\">Del Close<\/a>.<\/p>\n<p>Het verschil tussen korte en lange vormen is soms moeilijk te bepalen. Hiervoor geldt\u00a0<i>de 12 minutenregel<\/i>: elke sc\u00e8ne langer dan 12 minuten is een lange vorm.<\/p>\n<p>Voor ZieZus geldt dat een korte vorm voorstelling bestaat uit een aantal korte vormen achter elkaar. Voor de voorstelling worden spelvormen gekozen die het best bij de opdracht(gever) passen. Per korte vorm komt een onderwerp aan bod. Wanneer ZieZus lange vormen speelt zijn dit altijd ge\u00efmproviseerde musicals (duur tussen de 25 en 60 minuten) die gaan over het onderwerp waar een opdrachtgever mee komt. Bijvoorbeeld: superMantelzorger, de Musical (een heldenavontuur met het personage mantelzorger in de hoofdrol).<\/p>\n<p>In Nederland zijn momenteel de volgende vier stromingen het meest bekend.<\/p>\n<ol>\n<li><b><a title=\"Keith Johnstone\" href=\"https:\/\/nl.wikipedia.org\/wiki\/Keith_Johnstone\">Keith Johnstone<\/a>-vormen<\/b>\u00a0<i>(korte vormen)<\/i>, zoals\u00a0<a title=\"Theatersport\" href=\"https:\/\/nl.wikipedia.org\/wiki\/Theatersport\">Theatersport<\/a>,\u00a0<a title=\"Gorilla Theatre (de pagina bestaat niet)\" href=\"https:\/\/nl.wikipedia.org\/w\/index.php?title=Gorilla_Theatre&amp;action=edit&amp;redlink=1\">Gorilla Theatre<\/a>\u00a0en\u00a0<a title=\"Micetro (de pagina bestaat niet)\" href=\"https:\/\/nl.wikipedia.org\/w\/index.php?title=Micetro&amp;action=edit&amp;redlink=1\">Micetro<\/a>\u00a0al heeft deze stroming zich, tot verdriet van Johnstone zelf, zich ontwikkeld tot\u00a0<a title=\"Light entertainment (de pagina bestaat niet)\" href=\"https:\/\/nl.wikipedia.org\/w\/index.php?title=Light_entertainment&amp;action=edit&amp;redlink=1\">light entertainment<\/a>\u00a0waarbij bizarre sketches en absurdisme de hoofdmoot zijn gaan vormen.<\/li>\n<li><b>Lange vormen<\/b>, waarbij technieken uit de shortformimprov worden gecombineerd om avondvullende shows, meestal met doorlopende verhaallijnen te maken. Bij\u00a0<i>Long Form<\/i>\u00a0wordt meer dan bij shortform op een plot, drama en spanningsboog gemikt.<\/li>\n<li><b><a title=\"De vloer op\" href=\"https:\/\/nl.wikipedia.org\/wiki\/De_vloer_op\">De vloer op<\/a><\/b>. Bij deze vorm, naar het gelijknamige, langlopende televisieprogramma van de\u00a0<a title=\"Humanistische Omroep\" href=\"https:\/\/nl.wikipedia.org\/wiki\/Humanistische_Omroep\">Humanistische Omroep<\/a>, krijgen ervaren acteurs een situatie voorgeschoteld die ze uit mogen spelen in vijf tot vijftien minuten. Nadruk bij deze vorm ligt op de acteurskwaliteiten.<\/li>\n<li><b><a title=\"Stand-upcomedy\" href=\"https:\/\/nl.wikipedia.org\/wiki\/Stand-upcomedy\">Stand-upcomedy<\/a><\/b>. Een vorm waarbij \u00e9\u00e9n stand-upper (acteur) komische teksten afwisselt met improvisaties naar aanleiding van reacties uit het publiek. De nadruk bij deze vorm ligt op de grappen en wordt vaak ook niet gezien als een vorm van improvisatietheater.<\/li>\n<\/ol>\n<p><b>Theatersport<\/b>\u00a0is een vorm van\u00a0<a title=\"Theater (voorstelling)\" href=\"https:\/\/nl.wikipedia.org\/wiki\/Theater_(voorstelling)\">theater<\/a>\u00a0waarbij, in plaats van voorstellingen, improvisatiewedstrijden voor publiek worden gegeven. Het is bedacht door theaterdocent\u00a0<a title=\"Keith Johnstone\" href=\"https:\/\/nl.wikipedia.org\/wiki\/Keith_Johnstone\">Keith Johnstone<\/a>.<\/p>\n<p>Eigenlijk is theatersport een vrij nauw subgenre van het bredere\u00a0<a title=\"Improvisatietheater\" href=\"https:\/\/nl.wikipedia.org\/wiki\/Improvisatietheater\">improvisatietheater<\/a>, maar de term &#8220;theatersport&#8221; wordt in Nederland doorgaans algemener gebruikt voor alle vormen van kort, komisch improvisatietheater (<a title=\"Improvisatietheater\" href=\"https:\/\/nl.wikipedia.org\/wiki\/Improvisatietheater#Korte_Vormen\">kortevormimprov<\/a>).<\/p>\n<p>Theatersport is sinds het einde van de 20e eeuw in vele landen over de hele wereld uitgegroeid tot een van de populairste vormen van\u00a0<a title=\"Improvisatietheater\" href=\"https:\/\/nl.wikipedia.org\/wiki\/Improvisatietheater\">improvisatietheater<\/a>. In Nederland heeft bijna elke stad wel \u00e9\u00e9n of meer teams. In Belgi\u00eb zijn verschillende improvisatietheaterverenigingen, maar geen enkel team speelt de exacte regels van Keith Johnstones &#8220;Theatersport&#8221;.<\/p>\n<p><strong>Op TV<\/strong><br \/>\nOok op televisie kan\u00a0<a title=\"Improvisatietheater\" href=\"https:\/\/nl.wikipedia.org\/wiki\/Improvisatietheater\">improvisatietheater<\/a>\u00a0bekeken worden, maar in televisieformats wordt meestal licht tot compleet afgeweken van de wedstrijdvorm. Zo wordt in Engeland door\u00a0<a title=\"Channel 4\" href=\"https:\/\/nl.wikipedia.org\/wiki\/Channel_4\">Channel 4<\/a>\u00a0het programma &#8216;<a title=\"Whose Line Is It Anyway?\" href=\"https:\/\/nl.wikipedia.org\/wiki\/Whose_Line_Is_It_Anyway%3F\">Whose Line Is It Anyway?<\/a>&#8216;<sup id=\"cite_ref-1\"><a href=\"https:\/\/nl.wikipedia.org\/wiki\/Theatersport#cite_note-1\">[1]<\/a><\/sup>\u00a0uitgezonden. In Nederland was in 1991 bij de\u00a0<a title=\"KRO\" href=\"https:\/\/nl.wikipedia.org\/wiki\/KRO\">KRO<\/a>\u00a0&#8216;<a title=\"Glad IJs (televisieprogramma) (de pagina bestaat niet)\" href=\"https:\/\/nl.wikipedia.org\/w\/index.php?title=Glad_IJs_(televisieprogramma)&amp;action=edit&amp;redlink=1\">Glad IJs<\/a>&#8216;<sup id=\"cite_ref-2\"><a href=\"https:\/\/nl.wikipedia.org\/wiki\/Theatersport#cite_note-2\">[2]<\/a><\/sup>\u00a0te zien, gepresenteerd door\u00a0<a title=\"Berend Boudewijn\" href=\"https:\/\/nl.wikipedia.org\/wiki\/Berend_Boudewijn\">Berend Boudewijn<\/a>. Later gevolgd door &#8216;<a title=\"De Lama's (televisieprogramma)\" href=\"https:\/\/nl.wikipedia.org\/wiki\/De_Lama%27s_(televisieprogramma)\">De Lama&#8217;s<\/a>&#8216;<sup id=\"cite_ref-3\"><a href=\"https:\/\/nl.wikipedia.org\/wiki\/Theatersport#cite_note-3\">[3]<\/a><\/sup>, &#8216;<a title=\"Kannibalen\" href=\"https:\/\/nl.wikipedia.org\/wiki\/Kannibalen\">Kannibalen<\/a>&#8216;<sup id=\"cite_ref-4\"><a href=\"https:\/\/nl.wikipedia.org\/wiki\/Theatersport#cite_note-4\">[4]<\/a><\/sup>\u00a0en &#8216;Badgasten&#8217;, allen bij\u00a0<a title=\"BNN\" href=\"https:\/\/nl.wikipedia.org\/wiki\/BNN\">BNN<\/a>. In\u00a0<a title=\"Belgi\u00eb\" href=\"https:\/\/nl.wikipedia.org\/wiki\/Belgi%C3%AB\">Belgi\u00eb<\/a>\u00a0was er in 1994 het programma &#8216;<a title=\"Onvoorziene Omstandigheden\" href=\"https:\/\/nl.wikipedia.org\/wiki\/Onvoorziene_Omstandigheden\">Onvoorziene Omstandigheden<\/a>&#8216;<sup id=\"cite_ref-5\"><a href=\"https:\/\/nl.wikipedia.org\/wiki\/Theatersport#cite_note-5\">[5]<\/a><\/sup>\u00a0van\u00a0<a title=\"Mark Uytterhoeven\" href=\"https:\/\/nl.wikipedia.org\/wiki\/Mark_Uytterhoeven\">Mark Uytterhoeven<\/a>. Sinds september 2012 zendt de\u00a0<a title=\"VARA\" href=\"https:\/\/nl.wikipedia.org\/wiki\/VARA\">VARA<\/a>\u00a0het programma &#8216;<a title=\"In goed gezelschap\" href=\"https:\/\/nl.wikipedia.org\/wiki\/In_goed_gezelschap\">In goed gezelschap<\/a>&#8216;<sup id=\"cite_ref-6\"><a href=\"https:\/\/nl.wikipedia.org\/wiki\/Theatersport#cite_note-6\">[6]<\/a><\/sup>\u00a0uit, een improvisatieprogramma onder leiding van\u00a0<a title=\"Sara Kroos\" href=\"https:\/\/nl.wikipedia.org\/wiki\/Sara_Kroos\">Sara Kroos<\/a>\u00a0en\u00a0<a title=\"Thomas van Luyn\" href=\"https:\/\/nl.wikipedia.org\/wiki\/Thomas_van_Luyn\">Thomas van Luyn<\/a>.<\/p>\n<p>Bron: Wikipedia<\/p>\n","protected":false},"excerpt":{"rendered":"<p>Wat is improvisatietheater? Improvisatietheater\u00a0(vaak afgekort tot\u00a0improv\u00a0of\u00a0impro) is elke vorm van\u00a0theater\u00a0waarbij de\u00a0spelers\u00a0het\u00a0verhaal, de\u00a0personages\u00a0en de\u00a0dialogen\u00a0ter plaatse verzinnen. Ze stappen dus de\u00a0sc\u00e8ne\u00a0op met een beperkt aantal elementen (vaak suggesties uit het publiek) zoals de locatie waar de sc\u00e8ne zich afspeelt, of het soort personage dat ze spelen, en improviseren de rest op het moment zelf. Improvisatievoorstellingen zijn vaak [&hellip;]<\/p>\n","protected":false},"author":2,"featured_media":3925,"parent":153,"menu_order":52,"comment_status":"closed","ping_status":"open","template":"","meta":{"footnotes":""},"soort_activiteit":[],"leeftijd":[],"thematiek":[],"class_list":["post-790","page","type-page","status-publish","has-post-thumbnail","hentry"],"aioseo_notices":[],"_links":{"self":[{"href":"https:\/\/ziezus.nl\/eigenzinnig-theater\/wp-json\/wp\/v2\/pages\/790","targetHints":{"allow":["GET"]}}],"collection":[{"href":"https:\/\/ziezus.nl\/eigenzinnig-theater\/wp-json\/wp\/v2\/pages"}],"about":[{"href":"https:\/\/ziezus.nl\/eigenzinnig-theater\/wp-json\/wp\/v2\/types\/page"}],"author":[{"embeddable":true,"href":"https:\/\/ziezus.nl\/eigenzinnig-theater\/wp-json\/wp\/v2\/users\/2"}],"replies":[{"embeddable":true,"href":"https:\/\/ziezus.nl\/eigenzinnig-theater\/wp-json\/wp\/v2\/comments?post=790"}],"version-history":[{"count":10,"href":"https:\/\/ziezus.nl\/eigenzinnig-theater\/wp-json\/wp\/v2\/pages\/790\/revisions"}],"predecessor-version":[{"id":2160,"href":"https:\/\/ziezus.nl\/eigenzinnig-theater\/wp-json\/wp\/v2\/pages\/790\/revisions\/2160"}],"up":[{"embeddable":true,"href":"https:\/\/ziezus.nl\/eigenzinnig-theater\/wp-json\/wp\/v2\/pages\/153"}],"wp:featuredmedia":[{"embeddable":true,"href":"https:\/\/ziezus.nl\/eigenzinnig-theater\/wp-json\/wp\/v2\/media\/3925"}],"wp:attachment":[{"href":"https:\/\/ziezus.nl\/eigenzinnig-theater\/wp-json\/wp\/v2\/media?parent=790"}],"wp:term":[{"taxonomy":"soort_activiteit","embeddable":true,"href":"https:\/\/ziezus.nl\/eigenzinnig-theater\/wp-json\/wp\/v2\/soort_activiteit?post=790"},{"taxonomy":"leeftijd","embeddable":true,"href":"https:\/\/ziezus.nl\/eigenzinnig-theater\/wp-json\/wp\/v2\/leeftijd?post=790"},{"taxonomy":"thematiek","embeddable":true,"href":"https:\/\/ziezus.nl\/eigenzinnig-theater\/wp-json\/wp\/v2\/thematiek?post=790"}],"curies":[{"name":"wp","href":"https:\/\/api.w.org\/{rel}","templated":true}]}}